{"id":1923,"date":"2025-11-03T12:57:39","date_gmt":"2025-11-03T10:57:39","guid":{"rendered":"https:\/\/esteetvet.ee\/besplatnaya-konsultacziya-veterinarnogo-gigienista\/"},"modified":"2025-11-05T22:40:27","modified_gmt":"2025-11-05T20:40:27","slug":"besplatnaya-konsultacziya-veterinarnogo-gigienista","status":"publish","type":"page","link":"https:\/\/esteetvet.ee\/ru\/besplatnaya-konsultacziya-veterinarnogo-gigienista\/","title":{"rendered":"\u0411\u0435\u0441\u043f\u043b\u0430\u0442\u043d\u0430\u044f \u043a\u043e\u043d\u0441\u0443\u043b\u044c\u0442\u0430\u0446\u0438\u044f \u0432\u0435\u0442\u0435\u0440\u0438\u043d\u0430\u0440\u043d\u043e\u0433\u043e \u0433\u0438\u0433\u0438\u0435\u043d\u0438\u0441\u0442\u0430"},"content":{"rendered":"\t\t<div data-elementor-type=\"wp-page\" data-elementor-id=\"1923\" class=\"elementor elementor-1923 elementor-1863\" data-elementor-post-type=\"page\">\n\t\t\t\t<div class=\"elementor-element elementor-element-3e2d2b3 e-con-full e-flex e-con e-parent\" data-id=\"3e2d2b3\" data-element_type=\"container\" data-e-type=\"container\">\n\t\t<div class=\"elementor-element elementor-element-33b113e e-con-full e-flex e-con e-child\" data-id=\"33b113e\" data-element_type=\"container\" data-e-type=\"container\">\n\t\t\t\t<div class=\"elementor-element elementor-element-4878e6d elementor-widget elementor-widget-pbmit_icon_heading\" data-id=\"4878e6d\" data-element_type=\"widget\" data-e-type=\"widget\" data-widget_type=\"pbmit_icon_heading.default\">\n\t\t\t\t<div class=\"elementor-widget-container\">\n\t\t\t\t\t<div class=\"pbmit-ihbox pbmit-ihbox-style-2\"><div class=\"pbmit-ihbox-headingicon d-flex\">\r\n\t<div class=\"pbmit-ihbox-icon\"><div class=\"pbmit-ihbox-icon-wrapper pbmit-ihbox-icon-type-icon\"><div class=\"pbmit-icon-wrapper pbmit-icon-type-icon\"><i class=\"pbmit-pawpals-icon pbmit-pawpals-icon-soap-bottle\"><\/i><\/div><\/div><\/div>\t<div class=\"pbmit-ihbox-contents\">\r\n\t\t<h2 class=\"pbmit-element-title\">\u0414\u043b\u0438\u0442\u0435\u043b\u044c\u043d\u043e\u0441\u0442\u044c \u0432\u0438\u0437\u0438\u0442\u0430:<\/h2>\t\t\t\t<div class=\"pbmit-heading-desc\">30 \u043c\u0438\u043d\u0443\u0442<\/div>\t\t\t<\/div>\r\n<\/div><\/div>\t\t\t\t<\/div>\n\t\t\t\t<\/div>\n\t\t\t\t<div class=\"elementor-element elementor-element-f9b6d9a elementor-widget__width-inherit w-100 elementor-widget elementor-widget-pbmit_icon_heading\" data-id=\"f9b6d9a\" data-element_type=\"widget\" data-e-type=\"widget\" data-widget_type=\"pbmit_icon_heading.default\">\n\t\t\t\t<div class=\"elementor-widget-container\">\n\t\t\t\t\t<div class=\"pbmit-ihbox pbmit-ihbox-style-2\"><div class=\"pbmit-ihbox-headingicon d-flex\">\r\n\t<div class=\"pbmit-ihbox-icon\"><div class=\"pbmit-ihbox-icon-wrapper pbmit-ihbox-icon-type-icon\"><div class=\"pbmit-icon-wrapper pbmit-icon-type-icon\"><i class=\"pbmit-pawpals-icon pbmit-pawpals-icon-appointment\"><\/i><\/div><\/div><\/div>\t<div class=\"pbmit-ihbox-contents\">\r\n\t\t<h2 class=\"pbmit-element-title\">\u041a\u043e\u043b\u0438\u0447\u0435\u0441\u0442\u0432\u043e \u043c\u0435\u0441\u0442 \u043e\u0433\u0440\u0430\u043d\u0438\u0447\u0435\u043d\u043e!<\/h2>\t\t\t\t<div class=\"pbmit-heading-desc\">\u0437\u0430\u043f\u0438\u0441\u0430\u0442\u044c\u0441\u044f \u043c\u043e\u0436\u043d\u043e \u0447\u0435\u0440\u0435\u0437 \u043d\u0430\u0448\u0443 \u0441\u0438\u0441\u0442\u0435\u043c\u0443 \u043e\u043d\u043b\u0430\u0439\u043d \u0431\u0440\u043e\u043d\u0438\u0440\u043e\u0432\u0430\u043d\u0438\u044f: \n<br><br>\u0437\u0430\u043f\u0438\u0441\u0430\u0442\u044c\u0441\u044f \u2192 h\u00fcgienisti v\u00f5i assistendi vastuv\u00f5tt \u2192 hammaste kontroll.<br><br>\u0432 \u043f\u043e\u043b\u0435 \u0437\u0430\u043c\u0435\u0442\u043e\u043a \u043d\u0430\u043f\u0438\u0441\u0430\u0442\u044c: <strong>#TERVED_HAMBAD_2025<\/strong><\/div>\t\t\t<\/div>\r\n<\/div><\/div>\t\t\t\t<\/div>\n\t\t\t\t<\/div>\n\t\t\t\t<div class=\"elementor-element elementor-element-314288b pbmit-btn-color-secondary pbmit-btn-hover-color-globalcolor pbmit-btn-shape-rounded elementor-widget__width-inherit w-100 pbmit-btn-style-flat pbmit-btn-magnatic-yes elementor-widget elementor-widget-button\" data-id=\"314288b\" data-element_type=\"widget\" data-e-type=\"widget\" data-widget_type=\"button.default\">\n\t\t\t\t<div class=\"elementor-widget-container\">\n\t\t\t\t\t\t\t\t\t<div class=\"elementor-button-wrapper\">\n\t\t\t\t\t<a class=\"elementor-button elementor-button-link elementor-size-sm\" href=\"https:\/\/esteetvet.ee\/ru\/broneerimine\/\">\n\t\t\t\t\t\t<span class=\"elementor-button-content-wrapper\">\n\t\t\t\t\t\t<span class=\"elementor-button-icon\">\n\t\t\t\t<svg xmlns=\"http:\/\/www.w3.org\/2000\/svg\" width=\"22.76\" height=\"22.76\" viewBox=\"0 0 22.76 22.76\"><title>black-arrow<\/title><path d=\"M22.34,1A14.67,14.67,0,0,1,12,5.3,14.6,14.6,0,0,1,6.08,4.06,14.68,14.68,0,0,1,1.59,1\" transform=\"translate(-0.29 -0.29)\" fill=\"none\" stroke=\"#000\" stroke-width=\"2\"><\/path><path d=\"M22.34,1a14.67,14.67,0,0,0,0,20.75\" transform=\"translate(-0.29 -0.29)\" fill=\"none\" stroke=\"#000\" stroke-width=\"2\"><\/path><path d=\"M22.34,1,1,22.34\" transform=\"translate(-0.29 -0.29)\" fill=\"none\" stroke=\"#000\" stroke-width=\"2\"><\/path><\/svg>\t\t\t<\/span>\n\t\t\t\t\t\t\t\t\t<span class=\"elementor-button-text\">\u0411\u0440\u043e\u043d\u0438\u0440\u0443\u0439 \u0432\u0435\u0440\u043c\u044f<\/span>\n\t\t\t\t\t<\/span>\n\t\t\t\t\t<\/a>\n\t\t\t\t<\/div>\n\t\t\t\t\t\t\t\t<\/div>\n\t\t\t\t<\/div>\n\t\t\t\t<\/div>\n\t\t<div class=\"elementor-element elementor-element-7ce4bee e-con-full e-flex e-con e-child\" data-id=\"7ce4bee\" data-element_type=\"container\" data-e-type=\"container\">\n\t\t\t\t<div class=\"elementor-element elementor-element-ddaf134 elementor-widget elementor-widget-text-editor\" data-id=\"ddaf134\" data-element_type=\"widget\" data-e-type=\"widget\" data-widget_type=\"text-editor.default\">\n\t\t\t\t<div class=\"elementor-widget-container\">\n\t\t\t\t\t\t\t\t\t<p>\u0414\u043e \u043a\u043e\u043d\u0446\u0430 \u043d\u043e\u044f\u0431\u0440\u044f \u0443 \u0432\u0430\u0441 \u0435\u0441\u0442\u044c \u0432\u043e\u0437\u043c\u043e\u0436\u043d\u043e\u0441\u0442\u044c \u0437\u0430\u043f\u0438\u0441\u0430\u0442\u044c\u0441\u044f \u0432 \u043d\u0430\u0448\u0443 \u043a\u043b\u0438\u043d\u0438\u043a\u0443 \u043d\u0430 \u0431\u0435\u0441\u043f\u043b\u0430\u0442\u043d\u0443\u044e \u043a\u043e\u043d\u0441\u0443\u043b\u044c\u0442\u0430\u0446\u0438\u044e \u0441\u043f\u0435\u0446\u0438\u0430\u043b\u0438\u0441\u0442\u0430 \u043f\u043e \u0433\u0438\u0433\u0438\u0435\u043d\u0435 \u0436\u0438\u0432\u043e\u0442\u043d\u044b\u0445.<\/p><p>\u0412\u043e \u0432\u0440\u0435\u043c\u044f \u043f\u0440\u0438\u0451\u043c\u0430 \u043d\u0430\u0448 \u0433\u0438\u0433\u0438\u0435\u043d\u0438\u0441\u0442:<\/p><ul><li>\u043f\u0440\u043e\u0432\u0435\u0434\u0451\u0442 \u043f\u043e\u043b\u043d\u044b\u0439 \u043e\u0441\u043c\u043e\u0442\u0440 \u0436\u0438\u0432\u043e\u0442\u043d\u043e\u0433\u043e, \u0443\u0434\u0435\u043b\u044f\u044f \u043e\u0441\u043e\u0431\u043e\u0435 \u0432\u043d\u0438\u043c\u0430\u043d\u0438\u0435 \u0440\u043e\u0442\u043e\u0432\u043e\u0439 \u043f\u043e\u043b\u043e\u0441\u0442\u0438 \u0438 \u0437\u0443\u0431\u0430\u043c;<\/li><li>\u043f\u0440\u043e\u0432\u0435\u0440\u0438\u0442 \u0441\u043e\u0441\u0442\u043e\u044f\u043d\u0438\u0435 \u0443\u0448\u0435\u0439; \u043e\u0446\u0435\u043d\u0438\u0442 \u043a\u043e\u0433\u0442\u0438 \u0438 \u043c\u0435\u0436\u043f\u0430\u043b\u044c\u0446\u0435\u0432\u043e\u0435 \u043f\u0440\u043e\u0441\u0442\u0440\u0430\u043d\u0441\u0442\u0432\u043e;<\/li><li>\u043e\u0446\u0435\u043d\u0438\u0442 \u0441\u043e\u0441\u0442\u0430\u044f\u043d\u0438\u0435 \u043f\u0430\u0440\u0430\u0430\u043d\u0430\u043b\u044c\u043d\u044b\u0445 \u0436\u0435\u043b\u0435\u0437 \u0438 \u0434\u0440\u0443\u0433\u043e\u0435 \u0438 \u043f\u0440\u0438 \u043d\u0435\u043e\u0431\u0445\u043e\u0434\u0438\u043c\u043e\u0441\u0442\u0438 \u043d\u0430\u043f\u0440\u0430\u0432\u0438\u0442 \u043a \u043f\u0440\u043e\u0444\u0438\u043b\u044c\u043d\u043e\u043c\u0443 \u0441\u043f\u0435\u0446\u0438\u0430\u043b\u0438\u0441\u0442\u0443.<\/li><\/ul><p>\u041e\u0431\u0440\u0430\u0449\u0430\u0435\u043c \u0432\u0430\u0448\u0435 \u0432\u043d\u0438\u043c\u0430\u043d\u0438\u0435, \u0447\u0442\u043e \u043d\u0430 \u043a\u043e\u043d\u0441\u0443\u043b\u044c\u0442\u0430\u0446\u0438\u0438 \u0432\u0440\u0430\u0447 \u043f\u0440\u043e\u0432\u0435\u0434\u0435\u0442 \u0442\u043e\u043b\u044c\u043a\u043e \u043e\u0441\u043c\u043e\u0442\u0440 \u0438 \u0434\u0430\u0441\u0442 \u0434\u0430\u043b\u044c\u043d\u0435\u0439\u0448\u0438\u0435 \u0440\u0435\u043a\u043e\u043c\u0435\u043d\u0434\u0430\u0446\u0438\u0438 \u043f\u043e \u0443\u0445\u043e\u0434\u0443 \u0438 \u043f\u0440\u043e\u0444\u0438\u043b\u0430\u043a\u0442\u0438\u043a\u0435 \u0433\u0438\u0433\u0438\u0435\u043d\u0438\u0447\u0435\u0441\u043a\u0438\u0445 \u043f\u0440\u043e\u0431\u043b\u0435\u043c, \u0431\u0435\u0437 \u043f\u0440\u043e\u0432\u0435\u0434\u0435\u043d\u0438\u044f \u043a\u0430\u043a\u0438\u0445-\u043b\u0438\u0431\u043e \u043f\u0440\u043e\u0446\u0435\u0434\u0443\u0440.<\/p>\t\t\t\t\t\t\t\t<\/div>\n\t\t\t\t<\/div>\n\t\t\t\t<\/div>\n\t\t\t\t<\/div>\n\t\t\t\t<\/div>\n\t\t","protected":false},"excerpt":{"rendered":"<p>\u0414\u043b\u0438\u0442\u0435\u043b\u044c\u043d\u043e\u0441\u0442\u044c \u0432\u0438\u0437\u0438\u0442\u0430: 30 \u043c\u0438\u043d\u0443\u0442 \u041a\u043e\u043b\u0438\u0447\u0435\u0441\u0442\u0432\u043e \u043c\u0435\u0441\u0442 \u043e\u0433\u0440\u0430\u043d\u0438\u0447\u0435\u043d\u043e! \u0437\u0430\u043f\u0438\u0441\u0430\u0442\u044c\u0441\u044f \u043c\u043e\u0436\u043d\u043e \u0447\u0435\u0440\u0435\u0437 \u043d\u0430\u0448\u0443 \u0441\u0438\u0441\u0442\u0435\u043c\u0443 \u043e\u043d\u043b\u0430\u0439\u043d \u0431\u0440\u043e\u043d\u0438\u0440\u043e\u0432\u0430\u043d\u0438\u044f: \u0437\u0430\u043f\u0438\u0441\u0430\u0442\u044c\u0441\u044f \u2192 h\u00fcgienisti v\u00f5i assistendi vastuv\u00f5tt \u2192 hammaste kontroll. \u0432 \u043f\u043e\u043b\u0435 \u0437\u0430\u043c\u0435\u0442\u043e\u043a \u043d\u0430\u043f\u0438\u0441\u0430\u0442\u044c: #TERVED_HAMBAD_2025 black-arrow \u0411\u0440\u043e\u043d\u0438\u0440\u0443\u0439 \u0432\u0435\u0440\u043c\u044f \u0414\u043e \u043a\u043e\u043d\u0446\u0430 \u043d\u043e\u044f\u0431\u0440\u044f \u0443 \u0432\u0430\u0441 \u0435\u0441\u0442\u044c \u0432\u043e\u0437\u043c\u043e\u0436\u043d\u043e\u0441\u0442\u044c \u0437\u0430\u043f\u0438\u0441\u0430\u0442\u044c\u0441\u044f \u0432 \u043d\u0430\u0448\u0443 \u043a\u043b\u0438\u043d\u0438\u043a\u0443 \u043d\u0430 \u0431\u0435\u0441\u043f\u043b\u0430\u0442\u043d\u0443\u044e \u043a\u043e\u043d\u0441\u0443\u043b\u044c\u0442\u0430\u0446\u0438\u044e \u0441\u043f\u0435\u0446\u0438\u0430\u043b\u0438\u0441\u0442\u0430 \u043f\u043e \u0433\u0438\u0433\u0438\u0435\u043d\u0435 \u0436\u0438\u0432\u043e\u0442\u043d\u044b\u0445. \u0412\u043e \u0432\u0440\u0435\u043c\u044f \u043f\u0440\u0438\u0451\u043c\u0430 \u043d\u0430\u0448 \u0433\u0438\u0433\u0438\u0435\u043d\u0438\u0441\u0442: \u043f\u0440\u043e\u0432\u0435\u0434\u0451\u0442 [&hellip;]<\/p>\n","protected":false},"author":5,"featured_media":0,"parent":0,"menu_order":0,"comment_status":"closed","ping_status":"closed","template":"","meta":{"_acf_changed":false,"inline_featured_image":false,"footnotes":""},"class_list":["post-1923","page","type-page","status-publish","hentry"],"acf":[],"aioseo_notices":[],"_links":{"self":[{"href":"https:\/\/esteetvet.ee\/ru\/wp-json\/wp\/v2\/pages\/1923","targetHints":{"allow":["GET"]}}],"collection":[{"href":"https:\/\/esteetvet.ee\/ru\/wp-json\/wp\/v2\/pages"}],"about":[{"href":"https:\/\/esteetvet.ee\/ru\/wp-json\/wp\/v2\/types\/page"}],"author":[{"embeddable":true,"href":"https:\/\/esteetvet.ee\/ru\/wp-json\/wp\/v2\/users\/5"}],"replies":[{"embeddable":true,"href":"https:\/\/esteetvet.ee\/ru\/wp-json\/wp\/v2\/comments?post=1923"}],"version-history":[{"count":7,"href":"https:\/\/esteetvet.ee\/ru\/wp-json\/wp\/v2\/pages\/1923\/revisions"}],"predecessor-version":[{"id":1954,"href":"https:\/\/esteetvet.ee\/ru\/wp-json\/wp\/v2\/pages\/1923\/revisions\/1954"}],"wp:attachment":[{"href":"https:\/\/esteetvet.ee\/ru\/wp-json\/wp\/v2\/media?parent=1923"}],"curies":[{"name":"wp","href":"https:\/\/api.w.org\/{rel}","templated":true}]}}